{"id":6121,"date":"2020-10-25T20:36:24","date_gmt":"2020-10-25T20:36:24","guid":{"rendered":"http:\/\/www.antropologiavisual.com.ar\/?page_id=6121"},"modified":"2024-08-22T13:47:35","modified_gmt":"2024-08-22T13:47:35","slug":"cultura-visual-de-la-edad-media","status":"publish","type":"page","link":"https:\/\/www.antropologiavisual.com.ar\/en\/cultura-visual-de-la-edad-media\/","title":{"rendered":"Visual culture in the Middle Ages"},"content":{"rendered":"<p>[et_pb_section fb_built=\u00bb1&#8243; _builder_version=\u00bb4.16&#8243; global_colors_info=\u00bb{}\u00bb][et_pb_row _builder_version=\u00bb4.16&#8243; background_size=\u00bbinitial\u00bb background_position=\u00bbtop_left\u00bb background_repeat=\u00bbrepeat\u00bb global_colors_info=\u00bb{}\u00bb][et_pb_column type=\u00bb4_4&#8243; _builder_version=\u00bb4.16&#8243; custom_padding=\u00bb|||\u00bb global_colors_info=\u00bb{}\u00bb custom_padding__hover=\u00bb|||\u00bb][et_pb_text _builder_version=\u00bb4.27.0&#8243; vertical_offset_tablet=\u00bb0&#8243; horizontal_offset_tablet=\u00bb0&#8243; hover_enabled=\u00bb0&#8243; z_index_tablet=\u00bb0&#8243; text_text_shadow_horizontal_length_tablet=\u00bb0px\u00bb text_text_shadow_vertical_length_tablet=\u00bb0px\u00bb text_text_shadow_blur_strength_tablet=\u00bb1px\u00bb link_text_shadow_horizontal_length_tablet=\u00bb0px\u00bb link_text_shadow_vertical_length_tablet=\u00bb0px\u00bb link_text_shadow_blur_strength_tablet=\u00bb1px\u00bb ul_text_shadow_horizontal_length_tablet=\u00bb0px\u00bb ul_text_shadow_vertical_length_tablet=\u00bb0px\u00bb ul_text_shadow_blur_strength_tablet=\u00bb1px\u00bb ol_text_shadow_horizontal_length_tablet=\u00bb0px\u00bb ol_text_shadow_vertical_length_tablet=\u00bb0px\u00bb ol_text_shadow_blur_strength_tablet=\u00bb1px\u00bb quote_text_shadow_horizontal_length_tablet=\u00bb0px\u00bb quote_text_shadow_vertical_length_tablet=\u00bb0px\u00bb quote_text_shadow_blur_strength_tablet=\u00bb1px\u00bb header_text_shadow_horizontal_length_tablet=\u00bb0px\u00bb header_text_shadow_vertical_length_tablet=\u00bb0px\u00bb header_text_shadow_blur_strength_tablet=\u00bb1px\u00bb header_2_text_shadow_horizontal_length_tablet=\u00bb0px\u00bb header_2_text_shadow_vertical_length_tablet=\u00bb0px\u00bb header_2_text_shadow_blur_strength_tablet=\u00bb1px\u00bb header_3_text_shadow_horizontal_length_tablet=\u00bb0px\u00bb header_3_text_shadow_vertical_length_tablet=\u00bb0px\u00bb header_3_text_shadow_blur_strength_tablet=\u00bb1px\u00bb header_4_text_shadow_horizontal_length_tablet=\u00bb0px\u00bb header_4_text_shadow_vertical_length_tablet=\u00bb0px\u00bb header_4_text_shadow_blur_strength_tablet=\u00bb1px\u00bb header_5_text_shadow_horizontal_length_tablet=\u00bb0px\u00bb header_5_text_shadow_vertical_length_tablet=\u00bb0px\u00bb header_5_text_shadow_blur_strength_tablet=\u00bb1px\u00bb header_6_text_shadow_horizontal_length_tablet=\u00bb0px\u00bb header_6_text_shadow_vertical_length_tablet=\u00bb0px\u00bb header_6_text_shadow_blur_strength_tablet=\u00bb1px\u00bb box_shadow_horizontal_tablet=\u00bb0px\u00bb box_shadow_vertical_tablet=\u00bb0px\u00bb box_shadow_blur_tablet=\u00bb40px\u00bb box_shadow_spread_tablet=\u00bb0px\u00bb global_colors_info=\u00bb{}\u00bb sticky_enabled=\u00bb0&#8243;]La l\u00ednea de investigaci\u00f3n en Cultura Visual de la Edad Media se dedica al estudio de las im\u00e1genes, los objetos y las pr\u00e1cticas visuales en la sociedad medieval, explorando c\u00f3mo estos elementos formaban parte integral de la vida cotidiana, la religi\u00f3n y el poder. En t\u00e9rminos generales, se investiga c\u00f3mo las im\u00e1genes y la cultura visual medieval influ\u00edan en la percepci\u00f3n y comprensi\u00f3n del mundo, y c\u00f3mo estas representaciones visuales contribu\u00edan a la construcci\u00f3n de la identidad y la memoria colectiva.<\/p>\n<p>Furthermore, this line analyses the historical and cultural context in which images were produced and used during the Middle Ages, considering both the aesthetic aspects and their symbolic and ritual functions. Particular attention is paid to the relationship between images, texts and architectural spaces, as well as to the influence of visual culture in the consolidation of belief systems and power structures in medieval society.<\/p>\n<p>A trav\u00e9s de este enfoque, se busca profundizar en la comprensi\u00f3n de c\u00f3mo la cultura visual de la Edad Media no solo reflejaba, sino que tambi\u00e9n moldeaba, las experiencias y pr\u00e1cticas de los individuos y comunidades de la \u00e9poca.[\/et_pb_text][\/et_pb_column][\/et_pb_row][\/et_pb_section][et_pb_section fb_built=\u00bb1&#8243; _builder_version=\u00bb4.16&#8243; global_colors_info=\u00bb{}\u00bb][et_pb_row _builder_version=\u00bb4.16&#8243; background_size=\u00bbinitial\u00bb background_position=\u00bbtop_left\u00bb background_repeat=\u00bbrepeat\u00bb global_colors_info=\u00bb{}\u00bb][et_pb_column type=\u00bb4_4&#8243; _builder_version=\u00bb4.16&#8243; custom_padding=\u00bb|||\u00bb global_colors_info=\u00bb{}\u00bb custom_padding__hover=\u00bb|||\u00bb][et_pb_text _builder_version=\u00bb4.16&#8243; vertical_offset_tablet=\u00bb0&#8243; horizontal_offset_tablet=\u00bb0&#8243; z_index_tablet=\u00bb0&#8243; text_text_shadow_horizontal_length_tablet=\u00bb0px\u00bb text_text_shadow_vertical_length_tablet=\u00bb0px\u00bb text_text_shadow_blur_strength_tablet=\u00bb1px\u00bb link_text_shadow_horizontal_length_tablet=\u00bb0px\u00bb link_text_shadow_vertical_length_tablet=\u00bb0px\u00bb link_text_shadow_blur_strength_tablet=\u00bb1px\u00bb ul_text_shadow_horizontal_length_tablet=\u00bb0px\u00bb ul_text_shadow_vertical_length_tablet=\u00bb0px\u00bb ul_text_shadow_blur_strength_tablet=\u00bb1px\u00bb ol_text_shadow_horizontal_length_tablet=\u00bb0px\u00bb ol_text_shadow_vertical_length_tablet=\u00bb0px\u00bb ol_text_shadow_blur_strength_tablet=\u00bb1px\u00bb quote_text_shadow_horizontal_length_tablet=\u00bb0px\u00bb quote_text_shadow_vertical_length_tablet=\u00bb0px\u00bb quote_text_shadow_blur_strength_tablet=\u00bb1px\u00bb header_text_shadow_horizontal_length_tablet=\u00bb0px\u00bb header_text_shadow_vertical_length_tablet=\u00bb0px\u00bb header_text_shadow_blur_strength_tablet=\u00bb1px\u00bb header_2_text_shadow_horizontal_length_tablet=\u00bb0px\u00bb header_2_text_shadow_vertical_length_tablet=\u00bb0px\u00bb header_2_text_shadow_blur_strength_tablet=\u00bb1px\u00bb header_3_text_shadow_horizontal_length_tablet=\u00bb0px\u00bb header_3_text_shadow_vertical_length_tablet=\u00bb0px\u00bb header_3_text_shadow_blur_strength_tablet=\u00bb1px\u00bb header_4_text_shadow_horizontal_length_tablet=\u00bb0px\u00bb header_4_text_shadow_vertical_length_tablet=\u00bb0px\u00bb header_4_text_shadow_blur_strength_tablet=\u00bb1px\u00bb header_5_text_shadow_horizontal_length_tablet=\u00bb0px\u00bb header_5_text_shadow_vertical_length_tablet=\u00bb0px\u00bb header_5_text_shadow_blur_strength_tablet=\u00bb1px\u00bb header_6_text_shadow_horizontal_length_tablet=\u00bb0px\u00bb header_6_text_shadow_vertical_length_tablet=\u00bb0px\u00bb header_6_text_shadow_blur_strength_tablet=\u00bb1px\u00bb box_shadow_horizontal_tablet=\u00bb0px\u00bb box_shadow_vertical_tablet=\u00bb0px\u00bb box_shadow_blur_tablet=\u00bb40px\u00bb box_shadow_spread_tablet=\u00bb0px\u00bb global_colors_info=\u00bb{}\u00bb]<\/p>\n<blockquote>\n<h2 style=\"text-align: left;\">Projects<\/h2>\n<\/blockquote>\n<p>[\/et_pb_text][\/et_pb_column][\/et_pb_row][et_pb_row _builder_version=\u00bb4.16&#8243; background_size=\u00bbinitial\u00bb background_position=\u00bbtop_left\u00bb background_repeat=\u00bbrepeat\u00bb global_colors_info=\u00bb{}\u00bb][et_pb_column type=\u00bb4_4&#8243; _builder_version=\u00bb4.16&#8243; custom_padding=\u00bb|||\u00bb global_colors_info=\u00bb{}\u00bb custom_padding__hover=\u00bb|||\u00bb][et_pb_filterable_portfolio fullwidth=\u00bboff\u00bb include_categories=\u00bb67&#8243; _builder_version=\u00bb4.16&#8243; vertical_offset_tablet=\u00bb0&#8243; horizontal_offset_tablet=\u00bb0&#8243; z_index_tablet=\u00bb0&#8243; title_text_shadow_horizontal_length_tablet=\u00bb0px\u00bb title_text_shadow_vertical_length_tablet=\u00bb0px\u00bb title_text_shadow_blur_strength_tablet=\u00bb1px\u00bb filter_text_shadow_horizontal_length_tablet=\u00bb0px\u00bb filter_text_shadow_vertical_length_tablet=\u00bb0px\u00bb filter_text_shadow_blur_strength_tablet=\u00bb1px\u00bb caption_text_shadow_horizontal_length_tablet=\u00bb0px\u00bb caption_text_shadow_vertical_length_tablet=\u00bb0px\u00bb caption_text_shadow_blur_strength_tablet=\u00bb1px\u00bb pagination_text_shadow_horizontal_length_tablet=\u00bb0px\u00bb pagination_text_shadow_vertical_length_tablet=\u00bb0px\u00bb pagination_text_shadow_blur_strength_tablet=\u00bb1px\u00bb box_shadow_horizontal_tablet=\u00bb0px\u00bb box_shadow_vertical_tablet=\u00bb0px\u00bb box_shadow_blur_tablet=\u00bb40px\u00bb box_shadow_spread_tablet=\u00bb0px\u00bb box_shadow_horizontal_image_tablet=\u00bb0px\u00bb box_shadow_vertical_image_tablet=\u00bb0px\u00bb box_shadow_blur_image_tablet=\u00bb40px\u00bb box_shadow_spread_image_tablet=\u00bb0px\u00bb text_shadow_horizontal_length_tablet=\u00bb0px\u00bb text_shadow_vertical_length_tablet=\u00bb0px\u00bb text_shadow_blur_strength_tablet=\u00bb1px\u00bb global_colors_info=\u00bb{}\u00bb][\/et_pb_filterable_portfolio][\/et_pb_column][\/et_pb_row][\/et_pb_section]<\/p>","protected":false},"excerpt":{"rendered":"<p>La l\u00ednea de investigaci\u00f3n en Cultura Visual de la Edad Media se dedica al estudio de las im\u00e1genes, los objetos y las pr\u00e1cticas visuales en la sociedad medieval, explorando c\u00f3mo estos elementos formaban parte integral de la vida cotidiana, la religi\u00f3n y el poder. En t\u00e9rminos generales, se investiga c\u00f3mo las im\u00e1genes y la cultura visual medieval influ\u00edan en la percepci\u00f3n y comprensi\u00f3n del mundo, y c\u00f3mo estas representaciones visuales contribu\u00edan a la construcci\u00f3n de la identidad y la memoria colectiva. Adem\u00e1s, esta l\u00ednea analiza el contexto hist\u00f3rico y cultural en el que se produc\u00edan y utilizaban las im\u00e1genes durante la Edad Media, considerando tanto los aspectos est\u00e9ticos como las funciones simb\u00f3licas y rituales de las mismas. Se presta especial atenci\u00f3n a la relaci\u00f3n entre las im\u00e1genes, los textos y los espacios arquitect\u00f3nicos, as\u00ed como a la influencia de la cultura visual en la consolidaci\u00f3n de sistemas de creencias y estructuras de poder en la sociedad medieval. A trav\u00e9s de este enfoque, se busca profundizar en la comprensi\u00f3n de c\u00f3mo la cultura visual de la Edad Media no solo reflejaba, sino que tambi\u00e9n moldeaba, las experiencias y pr\u00e1cticas de los individuos y comunidades de la \u00e9poca. Proyectos<\/p>","protected":false},"author":1,"featured_media":0,"parent":0,"menu_order":0,"comment_status":"closed","ping_status":"closed","template":"","meta":{"_et_pb_use_builder":"on","_et_pb_old_content":"","_et_gb_content_width":"","jetpack_post_was_ever_published":false,"footnotes":""},"class_list":["post-6121","page","type-page","status-publish","hentry"],"yoast_head":"<!-- This site is optimized with the Yoast SEO Premium plugin v24.2 (Yoast SEO v24.2) - https:\/\/yoast.com\/wordpress\/plugins\/seo\/ -->\n<title>Cultura visual de la Edad Media - \u00c1rea de Antropolog\u00eda Visual<\/title>\n<meta name=\"robots\" content=\"index, follow, max-snippet:-1, max-image-preview:large, max-video-preview:-1\" \/>\n<link rel=\"canonical\" href=\"https:\/\/www.antropologiavisual.com.ar\/en\/cultura-visual-de-la-edad-media\/\" \/>\n<meta property=\"og:locale\" content=\"en_GB\" \/>\n<meta property=\"og:type\" content=\"article\" \/>\n<meta property=\"og:title\" content=\"Cultura visual de la Edad Media\" \/>\n<meta property=\"og:description\" content=\"La l\u00ednea de investigaci\u00f3n en Cultura Visual de la Edad Media se dedica al estudio de las im\u00e1genes, los objetos y las pr\u00e1cticas visuales en la sociedad medieval, explorando c\u00f3mo estos elementos formaban parte integral de la vida cotidiana, la religi\u00f3n y el poder. En t\u00e9rminos generales, se investiga c\u00f3mo las im\u00e1genes y la cultura visual medieval influ\u00edan en la percepci\u00f3n y comprensi\u00f3n del mundo, y c\u00f3mo estas representaciones visuales contribu\u00edan a la construcci\u00f3n de la identidad y la memoria colectiva. Adem\u00e1s, esta l\u00ednea analiza el contexto hist\u00f3rico y cultural en el que se produc\u00edan y utilizaban las im\u00e1genes durante la Edad Media, considerando tanto los aspectos est\u00e9ticos como las funciones simb\u00f3licas y rituales de las mismas. Se presta especial atenci\u00f3n a la relaci\u00f3n entre las im\u00e1genes, los textos y los espacios arquitect\u00f3nicos, as\u00ed como a la influencia de la cultura visual en la consolidaci\u00f3n de sistemas de creencias y estructuras de poder en la sociedad medieval. A trav\u00e9s de este enfoque, se busca profundizar en la comprensi\u00f3n de c\u00f3mo la cultura visual de la Edad Media no solo reflejaba, sino que tambi\u00e9n moldeaba, las experiencias y pr\u00e1cticas de los individuos y comunidades de la \u00e9poca. Proyectos\" \/>\n<meta property=\"og:url\" content=\"https:\/\/www.antropologiavisual.com.ar\/en\/cultura-visual-de-la-edad-media\/\" \/>\n<meta property=\"og:site_name\" content=\"\u00c1rea de Antropolog\u00eda Visual\" \/>\n<meta property=\"article:modified_time\" content=\"2024-08-22T13:47:35+00:00\" \/>\n<meta name=\"twitter:card\" content=\"summary_large_image\" \/>\n<meta name=\"twitter:label1\" content=\"Estimated reading time\" \/>\n\t<meta name=\"twitter:data1\" content=\"5 minutes\" \/>\n<script type=\"application\/ld+json\" class=\"yoast-schema-graph\">{\"@context\":\"https:\/\/schema.org\",\"@graph\":[{\"@type\":\"WebPage\",\"@id\":\"https:\/\/www.antropologiavisual.com.ar\/cultura-visual-de-la-edad-media\/\",\"url\":\"https:\/\/www.antropologiavisual.com.ar\/cultura-visual-de-la-edad-media\/\",\"name\":\"Cultura visual de la Edad Media - \u00c1rea de Antropolog\u00eda Visual\",\"isPartOf\":{\"@id\":\"https:\/\/www.antropologiavisual.com.ar\/#website\"},\"datePublished\":\"2020-10-25T20:36:24+00:00\",\"dateModified\":\"2024-08-22T13:47:35+00:00\",\"breadcrumb\":{\"@id\":\"https:\/\/www.antropologiavisual.com.ar\/cultura-visual-de-la-edad-media\/#breadcrumb\"},\"inLanguage\":\"en-GB\",\"potentialAction\":[{\"@type\":\"ReadAction\",\"target\":[\"https:\/\/www.antropologiavisual.com.ar\/cultura-visual-de-la-edad-media\/\"]}]},{\"@type\":\"BreadcrumbList\",\"@id\":\"https:\/\/www.antropologiavisual.com.ar\/cultura-visual-de-la-edad-media\/#breadcrumb\",\"itemListElement\":[{\"@type\":\"ListItem\",\"position\":1,\"name\":\"Portada\",\"item\":\"https:\/\/www.antropologiavisual.com.ar\/\"},{\"@type\":\"ListItem\",\"position\":2,\"name\":\"Cultura visual de la Edad Media\"}]},{\"@type\":\"WebSite\",\"@id\":\"https:\/\/www.antropologiavisual.com.ar\/#website\",\"url\":\"https:\/\/www.antropologiavisual.com.ar\/\",\"name\":\"\u00c1rea de Antropolog\u00eda Visual\",\"description\":\"Universidad de Buenos Aires\",\"potentialAction\":[{\"@type\":\"SearchAction\",\"target\":{\"@type\":\"EntryPoint\",\"urlTemplate\":\"https:\/\/www.antropologiavisual.com.ar\/?s={search_term_string}\"},\"query-input\":{\"@type\":\"PropertyValueSpecification\",\"valueRequired\":true,\"valueName\":\"search_term_string\"}}],\"inLanguage\":\"en-GB\"}]}<\/script>\n<!-- \/ Yoast SEO Premium plugin. -->","yoast_head_json":{"title":"Cultura visual de la Edad Media - \u00c1rea de Antropolog\u00eda Visual","robots":{"index":"index","follow":"follow","max-snippet":"max-snippet:-1","max-image-preview":"max-image-preview:large","max-video-preview":"max-video-preview:-1"},"canonical":"https:\/\/www.antropologiavisual.com.ar\/en\/cultura-visual-de-la-edad-media\/","og_locale":"en_GB","og_type":"article","og_title":"Cultura visual de la Edad Media","og_description":"La l\u00ednea de investigaci\u00f3n en Cultura Visual de la Edad Media se dedica al estudio de las im\u00e1genes, los objetos y las pr\u00e1cticas visuales en la sociedad medieval, explorando c\u00f3mo estos elementos formaban parte integral de la vida cotidiana, la religi\u00f3n y el poder. En t\u00e9rminos generales, se investiga c\u00f3mo las im\u00e1genes y la cultura visual medieval influ\u00edan en la percepci\u00f3n y comprensi\u00f3n del mundo, y c\u00f3mo estas representaciones visuales contribu\u00edan a la construcci\u00f3n de la identidad y la memoria colectiva. Adem\u00e1s, esta l\u00ednea analiza el contexto hist\u00f3rico y cultural en el que se produc\u00edan y utilizaban las im\u00e1genes durante la Edad Media, considerando tanto los aspectos est\u00e9ticos como las funciones simb\u00f3licas y rituales de las mismas. Se presta especial atenci\u00f3n a la relaci\u00f3n entre las im\u00e1genes, los textos y los espacios arquitect\u00f3nicos, as\u00ed como a la influencia de la cultura visual en la consolidaci\u00f3n de sistemas de creencias y estructuras de poder en la sociedad medieval. A trav\u00e9s de este enfoque, se busca profundizar en la comprensi\u00f3n de c\u00f3mo la cultura visual de la Edad Media no solo reflejaba, sino que tambi\u00e9n moldeaba, las experiencias y pr\u00e1cticas de los individuos y comunidades de la \u00e9poca. Proyectos","og_url":"https:\/\/www.antropologiavisual.com.ar\/en\/cultura-visual-de-la-edad-media\/","og_site_name":"\u00c1rea de Antropolog\u00eda Visual","article_modified_time":"2024-08-22T13:47:35+00:00","twitter_card":"summary_large_image","twitter_misc":{"Estimated reading time":"5 minutes"},"schema":{"@context":"https:\/\/schema.org","@graph":[{"@type":"WebPage","@id":"https:\/\/www.antropologiavisual.com.ar\/cultura-visual-de-la-edad-media\/","url":"https:\/\/www.antropologiavisual.com.ar\/cultura-visual-de-la-edad-media\/","name":"Cultura visual de la Edad Media - \u00c1rea de Antropolog\u00eda Visual","isPartOf":{"@id":"https:\/\/www.antropologiavisual.com.ar\/#website"},"datePublished":"2020-10-25T20:36:24+00:00","dateModified":"2024-08-22T13:47:35+00:00","breadcrumb":{"@id":"https:\/\/www.antropologiavisual.com.ar\/cultura-visual-de-la-edad-media\/#breadcrumb"},"inLanguage":"en-GB","potentialAction":[{"@type":"ReadAction","target":["https:\/\/www.antropologiavisual.com.ar\/cultura-visual-de-la-edad-media\/"]}]},{"@type":"BreadcrumbList","@id":"https:\/\/www.antropologiavisual.com.ar\/cultura-visual-de-la-edad-media\/#breadcrumb","itemListElement":[{"@type":"ListItem","position":1,"name":"Portada","item":"https:\/\/www.antropologiavisual.com.ar\/"},{"@type":"ListItem","position":2,"name":"Cultura visual de la Edad Media"}]},{"@type":"WebSite","@id":"https:\/\/www.antropologiavisual.com.ar\/#website","url":"https:\/\/www.antropologiavisual.com.ar\/","name":"\u00c1rea de Antropolog\u00eda Visual","description":"Universidad de Buenos Aires","potentialAction":[{"@type":"SearchAction","target":{"@type":"EntryPoint","urlTemplate":"https:\/\/www.antropologiavisual.com.ar\/?s={search_term_string}"},"query-input":{"@type":"PropertyValueSpecification","valueRequired":true,"valueName":"search_term_string"}}],"inLanguage":"en-GB"}]}},"jetpack_sharing_enabled":true,"jetpack_shortlink":"https:\/\/wp.me\/P3xRV2-1AJ","_links":{"self":[{"href":"https:\/\/www.antropologiavisual.com.ar\/en\/wp-json\/wp\/v2\/pages\/6121","targetHints":{"allow":["GET"]}}],"collection":[{"href":"https:\/\/www.antropologiavisual.com.ar\/en\/wp-json\/wp\/v2\/pages"}],"about":[{"href":"https:\/\/www.antropologiavisual.com.ar\/en\/wp-json\/wp\/v2\/types\/page"}],"author":[{"embeddable":true,"href":"https:\/\/www.antropologiavisual.com.ar\/en\/wp-json\/wp\/v2\/users\/1"}],"replies":[{"embeddable":true,"href":"https:\/\/www.antropologiavisual.com.ar\/en\/wp-json\/wp\/v2\/comments?post=6121"}],"version-history":[{"count":4,"href":"https:\/\/www.antropologiavisual.com.ar\/en\/wp-json\/wp\/v2\/pages\/6121\/revisions"}],"predecessor-version":[{"id":8304,"href":"https:\/\/www.antropologiavisual.com.ar\/en\/wp-json\/wp\/v2\/pages\/6121\/revisions\/8304"}],"wp:attachment":[{"href":"https:\/\/www.antropologiavisual.com.ar\/en\/wp-json\/wp\/v2\/media?parent=6121"}],"curies":[{"name":"wp","href":"https:\/\/api.w.org\/{rel}","templated":true}]}}