{"id":8767,"date":"2025-04-22T14:53:26","date_gmt":"2025-04-22T14:53:26","guid":{"rendered":"https:\/\/www.antropologiavisual.com.ar\/?page_id=8767"},"modified":"2025-05-22T20:51:21","modified_gmt":"2025-05-22T20:51:21","slug":"vii-jornadas-inscripciones","status":"publish","type":"page","link":"https:\/\/www.antropologiavisual.com.ar\/en\/vii-jornadas-inscripciones\/","title":{"rendered":"VII jornadas inscripciones"},"content":{"rendered":"<p>[et_pb_section fb_built=\u00bb1&#8243; admin_label=\u00bbHeader\u00bb _builder_version=\u00bb4.20.0&#8243; _module_preset=\u00bbdefault\u00bb background_color=\u00bbgcid-67960745-cc0c-4d73-b86b-ef2d6023be78&#8243; custom_padding=\u00bb14px||0px|||\u00bb collapsed=\u00bbon\u00bb global_colors_info=\u00bb{%22gcid-67960745-cc0c-4d73-b86b-ef2d6023be78%22:%91%22background_color%22%93}\u00bb][et_pb_row column_structure=\u00bb3_4,1_4&#8243; _builder_version=\u00bb4.20.0&#8243; _module_preset=\u00bbdefault\u00bb width=\u00bb90%\u00bb max_width=\u00bbnone\u00bb custom_margin=\u00bb67px|auto||auto||\u00bb custom_padding=\u00bb0px||0px||false|false\u00bb global_colors_info=\u00bb{}\u00bb][et_pb_column type=\u00bb3_4&#8243; _builder_version=\u00bb4.20.0&#8243; _module_preset=\u00bbdefault\u00bb global_colors_info=\u00bb{}\u00bb][et_pb_text _builder_version=\u00bb4.27.4&#8243; _module_preset=\u00bb2055fe31-6942-4738-8143-82c2f0bc151e\u00bb text_font=\u00bbInter|700|||||||\u00bb text_text_color=\u00bb#000000&#8243; text_font_size=\u00bb167px\u00bb text_line_height=\u00bb1em\u00bb custom_margin=\u00bb||7px|||\u00bb global_colors_info=\u00bb{}\u00bb]<\/p>\n<p>Registration<\/p>\n<p>[\/et_pb_text][\/et_pb_column][et_pb_column type=\u00bb1_4&#8243; _builder_version=\u00bb4.20.0&#8243; _module_preset=\u00bbdefault\u00bb global_colors_info=\u00bb{}\u00bb][et_pb_text _builder_version=\u00bb4.27.4&#8243; _module_preset=\u00bb4827deed-2a92-4d97-a22f-f01067ae6873&#8243; header_font=\u00bb||||||||\u00bb header_4_font=\u00bbArial||||||||\u00bb header_4_font_size=\u00bb22px\u00bb header_4_line_height=\u00bb1.4em\u00bb text_orientation=\u00bbright\u00bb custom_margin=\u00bb39px||10px||false|false\u00bb header_4_font_size_tablet=\u00bb16px\u00bb header_4_font_size_phone=\u00bb14px\u00bb header_4_font_size_last_edited=\u00bbon|phone\u00bb locked=\u00bboff\u00bb global_colors_info=\u00bb{}\u00bb custom_margin__hover_enabled=\u00bboff|hover\u00bb custom_margin__hover=\u00bb|10px|||false|false\u00bb custom_padding__hover_enabled=\u00bbon|hover\u00bb custom_padding__hover=\u00bb|10px|||false|false\u00bb border_width_right__hover_enabled=\u00bbon|hover\u00bb border_width_right__hover=\u00bb16px\u00bb]<\/p>\n<h4><strong><a href=\"https:\/\/www.antropologiavisual.com.ar\/en\/project\/vii-seminar-anthropology-and-image\/\"><span style=\"color: #000000;\">Home<\/span><\/a><\/strong><\/h4>\n<p>[\/et_pb_text][et_pb_text _builder_version=\u00bb4.27.4&#8243; _module_preset=\u00bb4827deed-2a92-4d97-a22f-f01067ae6873&#8243; header_font=\u00bb||||||||\u00bb header_4_font=\u00bbArial||||||||\u00bb header_4_font_size=\u00bb22px\u00bb header_4_line_height=\u00bb1.4em\u00bb text_orientation=\u00bbright\u00bb custom_margin=\u00bb||10px||false|false\u00bb header_4_font_size_tablet=\u00bb16px\u00bb header_4_font_size_phone=\u00bb14px\u00bb header_4_font_size_last_edited=\u00bbon|phone\u00bb locked=\u00bboff\u00bb global_colors_info=\u00bb{}\u00bb custom_margin__hover_enabled=\u00bboff|hover\u00bb custom_margin__hover=\u00bb|10px|||false|false\u00bb custom_padding__hover_enabled=\u00bbon|hover\u00bb custom_padding__hover=\u00bb|10px|||false|false\u00bb border_width_right__hover_enabled=\u00bbon|hover\u00bb border_width_right__hover=\u00bb16px\u00bb]<\/p>\n<h4><strong><a href=\"https:\/\/www.antropologiavisual.com.ar\/en\/vii-seminar-anthropology-image\/\"><span style=\"color: #000000;\">About<\/span><\/a><\/strong><\/h4>\n<p>[\/et_pb_text][et_pb_text _builder_version=\u00bb4.27.4&#8243; _module_preset=\u00bb4827deed-2a92-4d97-a22f-f01067ae6873&#8243; header_font=\u00bb||||||||\u00bb header_4_font=\u00bbArial||||||||\u00bb header_4_font_size=\u00bb22px\u00bb header_4_line_height=\u00bb1.4em\u00bb text_orientation=\u00bbright\u00bb custom_margin=\u00bb||10px||false|false\u00bb header_4_font_size_tablet=\u00bb16px\u00bb header_4_font_size_phone=\u00bb14px\u00bb header_4_font_size_last_edited=\u00bbon|phone\u00bb locked=\u00bboff\u00bb global_colors_info=\u00bb{}\u00bb custom_margin__hover_enabled=\u00bboff|hover\u00bb custom_margin__hover=\u00bb|10px|||false|false\u00bb custom_padding__hover_enabled=\u00bbon|hover\u00bb custom_padding__hover=\u00bb|10px|||false|false\u00bb border_width_right__hover_enabled=\u00bbon|hover\u00bb border_width_right__hover=\u00bb16px\u00bb]<\/p>\n<h4><strong><a href=\"https:\/\/www.antropologiavisual.com.ar\/en\/vii-jornadas-programa\/\"><span style=\"color: #000000;\">Programme<\/span><\/a><\/strong><\/h4>\n<p>[\/et_pb_text][et_pb_text _builder_version=\u00bb4.27.4&#8243; _module_preset=\u00bb4827deed-2a92-4d97-a22f-f01067ae6873&#8243; header_font=\u00bb||||||||\u00bb header_4_font=\u00bbArial||||||||\u00bb header_4_font_size=\u00bb22px\u00bb header_4_line_height=\u00bb1.4em\u00bb text_orientation=\u00bbright\u00bb custom_margin=\u00bb||10px||false|false\u00bb header_4_font_size_tablet=\u00bb16px\u00bb header_4_font_size_phone=\u00bb14px\u00bb header_4_font_size_last_edited=\u00bbon|phone\u00bb locked=\u00bboff\u00bb global_colors_info=\u00bb{}\u00bb custom_margin__hover_enabled=\u00bboff|hover\u00bb custom_margin__hover=\u00bb|10px|||false|false\u00bb custom_padding__hover_enabled=\u00bbon|hover\u00bb custom_padding__hover=\u00bb|10px|||false|false\u00bb border_width_right__hover_enabled=\u00bbon|hover\u00bb border_width_right__hover=\u00bb16px\u00bb]<\/p>\n<h4><strong><a href=\"https:\/\/www.antropologiavisual.com.ar\/en\/vii-jornadas-participantes\/\"><span style=\"color: #000000;\">Participants<\/span><\/a><\/strong><\/h4>\n<p>[\/et_pb_text][et_pb_text _builder_version=\u00bb4.27.4&#8243; _module_preset=\u00bb4827deed-2a92-4d97-a22f-f01067ae6873&#8243; header_font=\u00bb||||||||\u00bb header_4_font=\u00bbArial||||||||\u00bb header_4_font_size=\u00bb22px\u00bb header_4_line_height=\u00bb1.4em\u00bb text_orientation=\u00bbright\u00bb custom_margin=\u00bb||10px||false|false\u00bb header_4_font_size_tablet=\u00bb16px\u00bb header_4_font_size_phone=\u00bb14px\u00bb header_4_font_size_last_edited=\u00bbon|phone\u00bb locked=\u00bboff\u00bb global_colors_info=\u00bb{}\u00bb custom_margin__hover_enabled=\u00bboff|hover\u00bb custom_margin__hover=\u00bb|10px|||false|false\u00bb custom_padding__hover_enabled=\u00bbon|hover\u00bb custom_padding__hover=\u00bb|10px|||false|false\u00bb border_width_right__hover_enabled=\u00bbon|hover\u00bb border_width_right__hover=\u00bb16px\u00bb]<\/p>\n<h4><strong><a href=\"https:\/\/www.antropologiavisual.com.ar\/en\/vii-jornadas-inscripciones\/\"><span style=\"color: #000000;\">Registration<\/span><\/a><\/strong><\/h4>\n<p>[\/et_pb_text][\/et_pb_column][\/et_pb_row][et_pb_row _builder_version=\u00bb4.20.0&#8243; _module_preset=\u00bbdefault\u00bb width=\u00bb90%\u00bb max_width=\u00bbnone\u00bb global_colors_info=\u00bb{}\u00bb][et_pb_column type=\u00bb4_4&#8243; _builder_version=\u00bb4.20.0&#8243; _module_preset=\u00bbdefault\u00bb global_colors_info=\u00bb{}\u00bb][et_pb_image src=\u00bbhttps:\/\/www.antropologiavisual.com.ar\/wp-content\/uploads\/vlcsnap-2022-12-18-16h12m42s309-2.png\u00bb title_text=\u00bbvlcsnap-2022-12-18-16h12m42s309 (2)\u00bb force_fullwidth=\u00bbon\u00bb _builder_version=\u00bb4.27.4&#8243; _module_preset=\u00bbdefault\u00bb animation_style=\u00bbfade\u00bb global_colors_info=\u00bb{}\u00bb][\/et_pb_image][\/et_pb_column][\/et_pb_row][\/et_pb_section][et_pb_section fb_built=\u00bb1&#8243; admin_label=\u00bbCountdown\u00bb _builder_version=\u00bb4.27.4&#8243; _module_preset=\u00bbdefault\u00bb background_color=\u00bb#FFFFFF\u00bb background_enable_image=\u00bboff\u00bb parallax=\u00bbon\u00bb custom_padding=\u00bb0px||0vw||false|false\u00bb collapsed=\u00bbon\u00bb global_colors_info=\u00bb{}\u00bb][\/et_pb_section][et_pb_section fb_built=\u00bb1&#8243; _builder_version=\u00bb4.27.4&#8243; _module_preset=\u00bbdefault\u00bb global_colors_info=\u00bb{}\u00bb][et_pb_row _builder_version=\u00bb4.27.4&#8243; _module_preset=\u00bbdefault\u00bb global_colors_info=\u00bb{}\u00bb][et_pb_column type=\u00bb4_4&#8243; _builder_version=\u00bb4.27.4&#8243; _module_preset=\u00bbdefault\u00bb global_colors_info=\u00bb{}\u00bb][et_pb_text _builder_version=\u00bb4.27.4&#8243; _module_preset=\u00bbdefault\u00bb text_font=\u00bbInter|700|||||||\u00bb text_font_size=\u00bb34px\u00bb global_colors_info=\u00bb{}\u00bb]<\/p>\n<p style=\"text-align: center;\">Inscripci\u00f3n a mesas y talleres<\/p>\n<p>[\/et_pb_text][\/et_pb_column][\/et_pb_row][et_pb_row _builder_version=\u00bb4.27.4&#8243; _module_preset=\u00bbdefault\u00bb global_colors_info=\u00bb{}\u00bb][et_pb_column type=\u00bb4_4&#8243; _builder_version=\u00bb4.27.4&#8243; _module_preset=\u00bbdefault\u00bb global_colors_info=\u00bb{}\u00bb][et_pb_button button_url=\u00bbhttps:\/\/forms.gle\/AAvEPMHZCyDTdQmBA\u00bb url_new_window=\u00bbon\u00bb button_text=\u00bbInscripci\u00f3n a Mesas \u00bb button_alignment=\u00bbcenter\u00bb _builder_version=\u00bb4.27.4&#8243; _module_preset=\u00bbdefault\u00bb custom_button=\u00bbon\u00bb button_text_color=\u00bb#FFFFFF\u00bb button_bg_color=\u00bb#000000&#8243; button_border_radius=\u00bb100px\u00bb hover_enabled=\u00bb0&#8243; global_colors_info=\u00bb{}\u00bb sticky_enabled=\u00bb0&#8243;][\/et_pb_button][et_pb_button button_url=\u00bbhttps:\/\/docs.google.com\/forms\/d\/e\/1FAIpQLSciTwua0x1sHEd_dfw_t5tgDRViTqMIUlWLxhUti9eJxTHN3Q\/viewform\u00bb url_new_window=\u00bbon\u00bb button_text=\u00bbInscripci\u00f3n a Talleres\u00bb button_alignment=\u00bbcenter\u00bb _builder_version=\u00bb4.27.4&#8243; _module_preset=\u00bbdefault\u00bb custom_button=\u00bbon\u00bb button_text_color=\u00bb#FFFFFF\u00bb button_bg_color=\u00bb#000000&#8243; button_border_radius=\u00bb100px\u00bb hover_enabled=\u00bb0&#8243; global_colors_info=\u00bb{}\u00bb sticky_enabled=\u00bb0&#8243;][\/et_pb_button][\/et_pb_column][\/et_pb_row][\/et_pb_section]<\/p>","protected":false},"excerpt":{"rendered":"<p>InscripcionesInicioPresentaci\u00f3nProgramaParticipantesInscripcionesInscripci\u00f3n a mesas y talleres<\/p>","protected":false},"author":1,"featured_media":6984,"parent":0,"menu_order":0,"comment_status":"closed","ping_status":"closed","template":"page-template-blank.php","meta":{"_et_pb_use_builder":"on","_et_pb_old_content":"","_et_gb_content_width":"","jetpack_post_was_ever_published":false,"footnotes":""},"class_list":["post-8767","page","type-page","status-publish","has-post-thumbnail","hentry"],"yoast_head":"<!-- This site is optimized with the Yoast SEO Premium plugin v24.2 (Yoast SEO v24.2) - https:\/\/yoast.com\/wordpress\/plugins\/seo\/ -->\n<title>VII Jorandas de Antropologia e Imagen. Imagen y Conocimiento<\/title>\n<meta name=\"description\" content=\"Jornadas dedicadas a la reflexi\u00f3n cr\u00edtica sobre humanidades digitales, tecnolog\u00edas emergentes e interdisciplina en contextos de investigaci\u00f3n y creaci\u00f3n.\" \/>\n<meta name=\"robots\" content=\"index, follow, max-snippet:-1, max-image-preview:large, max-video-preview:-1\" \/>\n<link rel=\"canonical\" href=\"https:\/\/www.antropologiavisual.com.ar\/en\/vii-jornadas-inscripciones\/\" \/>\n<meta property=\"og:locale\" content=\"en_GB\" \/>\n<meta property=\"og:type\" content=\"article\" \/>\n<meta property=\"og:title\" content=\"VII Jorandas de Antropologia e Imagen. Imagen y Conocimiento\" \/>\n<meta property=\"og:description\" content=\"Jornadas dedicadas a la reflexi\u00f3n cr\u00edtica sobre humanidades digitales, tecnolog\u00edas emergentes e interdisciplina en contextos de investigaci\u00f3n y creaci\u00f3n.\" \/>\n<meta property=\"og:url\" content=\"https:\/\/www.antropologiavisual.com.ar\/en\/vii-jornadas-inscripciones\/\" \/>\n<meta property=\"og:site_name\" content=\"\u00c1rea de Antropolog\u00eda Visual\" \/>\n<meta property=\"article:modified_time\" content=\"2025-05-22T20:51:21+00:00\" \/>\n<meta property=\"og:image\" content=\"https:\/\/www.antropologiavisual.com.ar\/wp-content\/uploads\/vlcsnap-2022-12-18-16h12m42s309-2.png\" \/>\n\t<meta property=\"og:image:width\" content=\"753\" \/>\n\t<meta property=\"og:image:height\" content=\"448\" \/>\n\t<meta property=\"og:image:type\" content=\"image\/png\" \/>\n<meta name=\"twitter:card\" content=\"summary_large_image\" \/>\n<meta name=\"twitter:title\" content=\"VII Jorandas de Antropologia e Imagen. Imagen y Conocimiento\" \/>\n<meta name=\"twitter:description\" content=\"Jornadas dedicadas a la reflexi\u00f3n cr\u00edtica sobre humanidades digitales, tecnolog\u00edas emergentes e interdisciplina en contextos de investigaci\u00f3n y creaci\u00f3n.\" \/>\n<meta name=\"twitter:label1\" content=\"Estimated reading time\" \/>\n\t<meta name=\"twitter:data1\" content=\"1 minute\" \/>\n<script type=\"application\/ld+json\" class=\"yoast-schema-graph\">{\"@context\":\"https:\/\/schema.org\",\"@graph\":[{\"@type\":\"WebPage\",\"@id\":\"https:\/\/www.antropologiavisual.com.ar\/vii-jornadas-inscripciones\/\",\"url\":\"https:\/\/www.antropologiavisual.com.ar\/vii-jornadas-inscripciones\/\",\"name\":\"VII Jorandas de Antropologia e Imagen. Imagen y Conocimiento\",\"isPartOf\":{\"@id\":\"https:\/\/www.antropologiavisual.com.ar\/#website\"},\"primaryImageOfPage\":{\"@id\":\"https:\/\/www.antropologiavisual.com.ar\/vii-jornadas-inscripciones\/#primaryimage\"},\"image\":{\"@id\":\"https:\/\/www.antropologiavisual.com.ar\/vii-jornadas-inscripciones\/#primaryimage\"},\"thumbnailUrl\":\"https:\/\/i0.wp.com\/www.antropologiavisual.com.ar\/wp-content\/uploads\/vlcsnap-2022-12-18-16h12m42s309-2.png?fit=753%2C448&ssl=1\",\"datePublished\":\"2025-04-22T14:53:26+00:00\",\"dateModified\":\"2025-05-22T20:51:21+00:00\",\"description\":\"Jornadas dedicadas a la reflexi\u00f3n cr\u00edtica sobre humanidades digitales, tecnolog\u00edas emergentes e interdisciplina en contextos de investigaci\u00f3n y creaci\u00f3n.\",\"breadcrumb\":{\"@id\":\"https:\/\/www.antropologiavisual.com.ar\/vii-jornadas-inscripciones\/#breadcrumb\"},\"inLanguage\":\"en-GB\",\"potentialAction\":[{\"@type\":\"ReadAction\",\"target\":[\"https:\/\/www.antropologiavisual.com.ar\/vii-jornadas-inscripciones\/\"]}]},{\"@type\":\"ImageObject\",\"inLanguage\":\"en-GB\",\"@id\":\"https:\/\/www.antropologiavisual.com.ar\/vii-jornadas-inscripciones\/#primaryimage\",\"url\":\"https:\/\/i0.wp.com\/www.antropologiavisual.com.ar\/wp-content\/uploads\/vlcsnap-2022-12-18-16h12m42s309-2.png?fit=753%2C448&ssl=1\",\"contentUrl\":\"https:\/\/i0.wp.com\/www.antropologiavisual.com.ar\/wp-content\/uploads\/vlcsnap-2022-12-18-16h12m42s309-2.png?fit=753%2C448&ssl=1\",\"width\":753,\"height\":448},{\"@type\":\"BreadcrumbList\",\"@id\":\"https:\/\/www.antropologiavisual.com.ar\/vii-jornadas-inscripciones\/#breadcrumb\",\"itemListElement\":[{\"@type\":\"ListItem\",\"position\":1,\"name\":\"Portada\",\"item\":\"https:\/\/www.antropologiavisual.com.ar\/\"},{\"@type\":\"ListItem\",\"position\":2,\"name\":\"VII jornadas inscripciones\"}]},{\"@type\":\"WebSite\",\"@id\":\"https:\/\/www.antropologiavisual.com.ar\/#website\",\"url\":\"https:\/\/www.antropologiavisual.com.ar\/\",\"name\":\"\u00c1rea de Antropolog\u00eda Visual\",\"description\":\"Universidad de Buenos Aires\",\"potentialAction\":[{\"@type\":\"SearchAction\",\"target\":{\"@type\":\"EntryPoint\",\"urlTemplate\":\"https:\/\/www.antropologiavisual.com.ar\/?s={search_term_string}\"},\"query-input\":{\"@type\":\"PropertyValueSpecification\",\"valueRequired\":true,\"valueName\":\"search_term_string\"}}],\"inLanguage\":\"en-GB\"}]}<\/script>\n<!-- \/ Yoast SEO Premium plugin. -->","yoast_head_json":{"title":"VII Jorandas de Antropologia e Imagen. Imagen y Conocimiento","description":"Jornadas dedicadas a la reflexi\u00f3n cr\u00edtica sobre humanidades digitales, tecnolog\u00edas emergentes e interdisciplina en contextos de investigaci\u00f3n y creaci\u00f3n.","robots":{"index":"index","follow":"follow","max-snippet":"max-snippet:-1","max-image-preview":"max-image-preview:large","max-video-preview":"max-video-preview:-1"},"canonical":"https:\/\/www.antropologiavisual.com.ar\/en\/vii-jornadas-inscripciones\/","og_locale":"en_GB","og_type":"article","og_title":"VII Jorandas de Antropologia e Imagen. Imagen y Conocimiento","og_description":"Jornadas dedicadas a la reflexi\u00f3n cr\u00edtica sobre humanidades digitales, tecnolog\u00edas emergentes e interdisciplina en contextos de investigaci\u00f3n y creaci\u00f3n.","og_url":"https:\/\/www.antropologiavisual.com.ar\/en\/vii-jornadas-inscripciones\/","og_site_name":"\u00c1rea de Antropolog\u00eda Visual","article_modified_time":"2025-05-22T20:51:21+00:00","og_image":[{"width":753,"height":448,"url":"https:\/\/www.antropologiavisual.com.ar\/wp-content\/uploads\/vlcsnap-2022-12-18-16h12m42s309-2.png","type":"image\/png"}],"twitter_card":"summary_large_image","twitter_title":"VII Jorandas de Antropologia e Imagen. Imagen y Conocimiento","twitter_description":"Jornadas dedicadas a la reflexi\u00f3n cr\u00edtica sobre humanidades digitales, tecnolog\u00edas emergentes e interdisciplina en contextos de investigaci\u00f3n y creaci\u00f3n.","twitter_misc":{"Estimated reading time":"1 minute"},"schema":{"@context":"https:\/\/schema.org","@graph":[{"@type":"WebPage","@id":"https:\/\/www.antropologiavisual.com.ar\/vii-jornadas-inscripciones\/","url":"https:\/\/www.antropologiavisual.com.ar\/vii-jornadas-inscripciones\/","name":"VII Jorandas de Antropologia e Imagen. Imagen y Conocimiento","isPartOf":{"@id":"https:\/\/www.antropologiavisual.com.ar\/#website"},"primaryImageOfPage":{"@id":"https:\/\/www.antropologiavisual.com.ar\/vii-jornadas-inscripciones\/#primaryimage"},"image":{"@id":"https:\/\/www.antropologiavisual.com.ar\/vii-jornadas-inscripciones\/#primaryimage"},"thumbnailUrl":"https:\/\/i0.wp.com\/www.antropologiavisual.com.ar\/wp-content\/uploads\/vlcsnap-2022-12-18-16h12m42s309-2.png?fit=753%2C448&ssl=1","datePublished":"2025-04-22T14:53:26+00:00","dateModified":"2025-05-22T20:51:21+00:00","description":"Jornadas dedicadas a la reflexi\u00f3n cr\u00edtica sobre humanidades digitales, tecnolog\u00edas emergentes e interdisciplina en contextos de investigaci\u00f3n y creaci\u00f3n.","breadcrumb":{"@id":"https:\/\/www.antropologiavisual.com.ar\/vii-jornadas-inscripciones\/#breadcrumb"},"inLanguage":"en-GB","potentialAction":[{"@type":"ReadAction","target":["https:\/\/www.antropologiavisual.com.ar\/vii-jornadas-inscripciones\/"]}]},{"@type":"ImageObject","inLanguage":"en-GB","@id":"https:\/\/www.antropologiavisual.com.ar\/vii-jornadas-inscripciones\/#primaryimage","url":"https:\/\/i0.wp.com\/www.antropologiavisual.com.ar\/wp-content\/uploads\/vlcsnap-2022-12-18-16h12m42s309-2.png?fit=753%2C448&ssl=1","contentUrl":"https:\/\/i0.wp.com\/www.antropologiavisual.com.ar\/wp-content\/uploads\/vlcsnap-2022-12-18-16h12m42s309-2.png?fit=753%2C448&ssl=1","width":753,"height":448},{"@type":"BreadcrumbList","@id":"https:\/\/www.antropologiavisual.com.ar\/vii-jornadas-inscripciones\/#breadcrumb","itemListElement":[{"@type":"ListItem","position":1,"name":"Portada","item":"https:\/\/www.antropologiavisual.com.ar\/"},{"@type":"ListItem","position":2,"name":"VII jornadas inscripciones"}]},{"@type":"WebSite","@id":"https:\/\/www.antropologiavisual.com.ar\/#website","url":"https:\/\/www.antropologiavisual.com.ar\/","name":"\u00c1rea de Antropolog\u00eda Visual","description":"Universidad de Buenos Aires","potentialAction":[{"@type":"SearchAction","target":{"@type":"EntryPoint","urlTemplate":"https:\/\/www.antropologiavisual.com.ar\/?s={search_term_string}"},"query-input":{"@type":"PropertyValueSpecification","valueRequired":true,"valueName":"search_term_string"}}],"inLanguage":"en-GB"}]}},"jetpack_sharing_enabled":true,"jetpack_shortlink":"https:\/\/wp.me\/P3xRV2-2hp","_links":{"self":[{"href":"https:\/\/www.antropologiavisual.com.ar\/en\/wp-json\/wp\/v2\/pages\/8767","targetHints":{"allow":["GET"]}}],"collection":[{"href":"https:\/\/www.antropologiavisual.com.ar\/en\/wp-json\/wp\/v2\/pages"}],"about":[{"href":"https:\/\/www.antropologiavisual.com.ar\/en\/wp-json\/wp\/v2\/types\/page"}],"author":[{"embeddable":true,"href":"https:\/\/www.antropologiavisual.com.ar\/en\/wp-json\/wp\/v2\/users\/1"}],"replies":[{"embeddable":true,"href":"https:\/\/www.antropologiavisual.com.ar\/en\/wp-json\/wp\/v2\/comments?post=8767"}],"version-history":[{"count":13,"href":"https:\/\/www.antropologiavisual.com.ar\/en\/wp-json\/wp\/v2\/pages\/8767\/revisions"}],"predecessor-version":[{"id":9975,"href":"https:\/\/www.antropologiavisual.com.ar\/en\/wp-json\/wp\/v2\/pages\/8767\/revisions\/9975"}],"wp:featuredmedia":[{"embeddable":true,"href":"https:\/\/www.antropologiavisual.com.ar\/en\/wp-json\/wp\/v2\/media\/6984"}],"wp:attachment":[{"href":"https:\/\/www.antropologiavisual.com.ar\/en\/wp-json\/wp\/v2\/media?parent=8767"}],"curies":[{"name":"wp","href":"https:\/\/api.w.org\/{rel}","templated":true}]}}